{"id":14,"date":"2025-03-11T12:22:45","date_gmt":"2025-03-11T12:22:45","guid":{"rendered":"https:\/\/nowandorain.rkinformatika.online\/?page_id=14"},"modified":"2025-03-18T16:43:41","modified_gmt":"2025-03-18T16:43:41","slug":"inicio","status":"publish","type":"page","link":"https:\/\/nowandorain.com\/eu\/","title":{"rendered":"Hasiera"},"content":{"rendered":"<div data-elementor-type=\"wp-post\" data-elementor-id=\"14\" class=\"elementor elementor-14\" data-elementor-post-type=\"page\">\n\t\t\t\t<div class=\"elementor-element elementor-element-24fa918 e-flex e-con-boxed e-con e-parent\" data-id=\"24fa918\" data-element_type=\"container\" data-e-type=\"container\" data-settings=\"{&quot;background_background&quot;:&quot;classic&quot;}\">\n\t\t\t\t\t<div class=\"e-con-inner\">\n\t\t\t\t\t<\/div>\n\t\t\t\t<\/div>\n\t\t<div class=\"elementor-element elementor-element-f1c28f8 e-flex e-con-boxed e-con e-parent\" data-id=\"f1c28f8\" data-element_type=\"container\" data-e-type=\"container\">\n\t\t\t\t\t<div class=\"e-con-inner\">\n\t\t\t\t<div class=\"elementor-element elementor-element-e54f8b5 elementor-widget elementor-widget-heading\" data-id=\"e54f8b5\" data-element_type=\"widget\" data-e-type=\"widget\" data-widget_type=\"heading.default\">\n\t\t\t\t<div class=\"elementor-widget-container\">\n\t\t\t\t\t<h2 class=\"elementor-heading-title elementor-size-default\">Guri buruz<\/h2>\t\t\t\t<\/div>\n\t\t\t\t<\/div>\n\t\t\t\t\t<\/div>\n\t\t\t\t<\/div>\n\t\t<div class=\"elementor-element elementor-element-b08a158 e-flex e-con-boxed e-con e-parent\" data-id=\"b08a158\" data-element_type=\"container\" data-e-type=\"container\">\n\t\t\t\t\t<div class=\"e-con-inner\">\n\t\t<div class=\"elementor-element elementor-element-059c14e e-con-full e-flex e-con e-child\" data-id=\"059c14e\" data-element_type=\"container\" data-e-type=\"container\" data-settings=\"{&quot;background_background&quot;:&quot;classic&quot;}\">\n\t\t\t\t<\/div>\n\t\t<div class=\"elementor-element elementor-element-99ccaed e-con-full e-flex e-con e-child\" data-id=\"99ccaed\" data-element_type=\"container\" data-e-type=\"container\">\n\t\t\t\t<div class=\"elementor-element elementor-element-11646c7 elementor-widget elementor-widget-text-editor\" data-id=\"11646c7\" data-element_type=\"widget\" data-e-type=\"widget\" data-widget_type=\"text-editor.default\">\n\t\t\t\t<div class=\"elementor-widget-container\">\n\t\t\t\t\t\t\t\t\t<h2 class=\"text-2xl font-bold mt-1 text-text-200\" style=\"text-align: center;\"><strong>Now &amp; Orain Akademia: Ingelesa menderatzeko bidea<\/strong><\/h2><p class=\"whitespace-pre-wrap break-words\"><strong>Non ikaskuntza zuri egokitzen zaizun, ez zu ikaskuntzari.<\/strong><\/p><p class=\"whitespace-pre-wrap break-words\">Etengabe aldatzen ari den mundu honetan, ingelesa bihurtu da aukera berriei ateak irekitzen dizkien giltza. Now &amp; Orain Akademian ulertzen dugu pertsona bakoitzak erritmo, helburu eta behar desberdinak dituela.<\/p><h2 class=\"text-xl font-bold text-text-200 mt-1 -mb-0.5\"><strong>Gure konpromisoa:<\/strong><\/h2>\t\t\t\t\t\t\t\t<\/div>\n\t\t\t\t<\/div>\n\t\t\t\t<div class=\"elementor-element elementor-element-f9c54a9 elementor-icon-list--layout-traditional elementor-list-item-link-full_width elementor-widget elementor-widget-icon-list\" data-id=\"f9c54a9\" data-element_type=\"widget\" data-e-type=\"widget\" data-widget_type=\"icon-list.default\">\n\t\t\t\t<div class=\"elementor-widget-container\">\n\t\t\t\t\t\t\t<ul class=\"elementor-icon-list-items\">\n\t\t\t\t\t\t\t<li class=\"elementor-icon-list-item\">\n\t\t\t\t\t\t\t\t\t\t\t<span class=\"elementor-icon-list-icon\">\n\t\t\t\t\t\t\t<svg aria-hidden=\"true\" class=\"e-font-icon-svg e-fas-book-open\" viewbox=\"0 0 576 512\" xmlns=\"http:\/\/www.w3.org\/2000\/svg\"><path d=\"M542.22 32.05c-54.8 3.11-163.72 14.43-230.96 55.59-4.64 2.84-7.27 7.89-7.27 13.17v363.87c0 11.55 12.63 18.85 23.28 13.49 69.18-34.82 169.23-44.32 218.7-46.92 16.89-.89 30.02-14.43 30.02-30.66V62.75c.01-17.71-15.35-31.74-33.77-30.7zM264.73 87.64C197.5 46.48 88.58 35.17 33.78 32.05 15.36 31.01 0 45.04 0 62.75V400.6c0 16.24 13.13 29.78 30.02 30.66 49.49 2.6 149.59 12.11 218.77 46.95 10.62 5.35 23.21-1.94 23.21-13.46V100.63c0-5.29-2.62-10.14-7.27-12.99z\"><\/path><\/svg>\t\t\t\t\t\t<\/span>\n\t\t\t\t\t\t\t\t\t\t<span class=\"elementor-icon-list-text\">Egokitzapen pertsonalizatua: Zure mailara egokitzen diren ikaskuntza esperientziak diseinatzen ditugu, ez alderantziz.<\/span>\n\t\t\t\t\t\t\t\t\t<\/li>\n\t\t\t\t\t\t\t\t<li class=\"elementor-icon-list-item\">\n\t\t\t\t\t\t\t\t\t\t\t<span class=\"elementor-icon-list-icon\">\n\t\t\t\t\t\t\t<svg aria-hidden=\"true\" class=\"e-font-icon-svg e-fas-book-open\" viewbox=\"0 0 576 512\" xmlns=\"http:\/\/www.w3.org\/2000\/svg\"><path d=\"M542.22 32.05c-54.8 3.11-163.72 14.43-230.96 55.59-4.64 2.84-7.27 7.89-7.27 13.17v363.87c0 11.55 12.63 18.85 23.28 13.49 69.18-34.82 169.23-44.32 218.7-46.92 16.89-.89 30.02-14.43 30.02-30.66V62.75c.01-17.71-15.35-31.74-33.77-30.7zM264.73 87.64C197.5 46.48 88.58 35.17 33.78 32.05 15.36 31.01 0 45.04 0 62.75V400.6c0 16.24 13.13 29.78 30.02 30.66 49.49 2.6 149.59 12.11 218.77 46.95 10.62 5.35 23.21-1.94 23.21-13.46V100.63c0-5.29-2.62-10.14-7.27-12.99z\"><\/path><\/svg>\t\t\t\t\t\t<\/span>\n\t\t\t\t\t\t\t\t\t\t<span class=\"elementor-icon-list-text\">Profesionaltasun bermatua: Irakasle eskarmentudunak ditugu bidaiaren urrats bakoitzean gidari izateko. <\/span>\n\t\t\t\t\t\t\t\t\t<\/li>\n\t\t\t\t\t\t\t\t<li class=\"elementor-icon-list-item\">\n\t\t\t\t\t\t\t\t\t\t\t<span class=\"elementor-icon-list-icon\">\n\t\t\t\t\t\t\t<svg aria-hidden=\"true\" class=\"e-font-icon-svg e-fas-book-open\" viewbox=\"0 0 576 512\" xmlns=\"http:\/\/www.w3.org\/2000\/svg\"><path d=\"M542.22 32.05c-54.8 3.11-163.72 14.43-230.96 55.59-4.64 2.84-7.27 7.89-7.27 13.17v363.87c0 11.55 12.63 18.85 23.28 13.49 69.18-34.82 169.23-44.32 218.7-46.92 16.89-.89 30.02-14.43 30.02-30.66V62.75c.01-17.71-15.35-31.74-33.77-30.7zM264.73 87.64C197.5 46.48 88.58 35.17 33.78 32.05 15.36 31.01 0 45.04 0 62.75V400.6c0 16.24 13.13 29.78 30.02 30.66 49.49 2.6 149.59 12.11 218.77 46.95 10.62 5.35 23.21-1.94 23.21-13.46V100.63c0-5.29-2.62-10.14-7.27-12.99z\"><\/path><\/svg>\t\t\t\t\t\t<\/span>\n\t\t\t\t\t\t\t\t\t\t<span class=\"elementor-icon-list-text\">Erabateko malgutasuna: Gure online eskolak zure ordutegira egokitzen dira, ez zu gurera.<\/span>\n\t\t\t\t\t\t\t\t\t<\/li>\n\t\t\t\t\t\t\t\t<li class=\"elementor-icon-list-item\">\n\t\t\t\t\t\t\t\t\t\t\t<span class=\"elementor-icon-list-icon\">\n\t\t\t\t\t\t\t<svg aria-hidden=\"true\" class=\"e-font-icon-svg e-fas-book-open\" viewbox=\"0 0 576 512\" xmlns=\"http:\/\/www.w3.org\/2000\/svg\"><path d=\"M542.22 32.05c-54.8 3.11-163.72 14.43-230.96 55.59-4.64 2.84-7.27 7.89-7.27 13.17v363.87c0 11.55 12.63 18.85 23.28 13.49 69.18-34.82 169.23-44.32 218.7-46.92 16.89-.89 30.02-14.43 30.02-30.66V62.75c.01-17.71-15.35-31.74-33.77-30.7zM264.73 87.64C197.5 46.48 88.58 35.17 33.78 32.05 15.36 31.01 0 45.04 0 62.75V400.6c0 16.24 13.13 29.78 30.02 30.66 49.49 2.6 149.59 12.11 218.77 46.95 10.62 5.35 23.21-1.94 23.21-13.46V100.63c0-5.29-2.62-10.14-7.27-12.99z\"><\/path><\/svg>\t\t\t\t\t\t<\/span>\n\t\t\t\t\t\t\t\t\t\t<span class=\"elementor-icon-list-text\">Guztiontzako soluzioak: Eskola laguntzatik hasi eta enpresa ingeles espezializaturaino.<\/span>\n\t\t\t\t\t\t\t\t\t<\/li>\n\t\t\t\t\t\t<\/ul>\n\t\t\t\t\t\t<\/div>\n\t\t\t\t<\/div>\n\t\t\t\t<div class=\"elementor-element elementor-element-efa7b28 elementor-widget elementor-widget-text-editor\" data-id=\"efa7b28\" data-element_type=\"widget\" data-e-type=\"widget\" data-widget_type=\"text-editor.default\">\n\t\t\t\t<div class=\"elementor-widget-container\">\n\t\t\t\t\t\t\t\t\t<h2 class=\"text-xl font-bold text-text-200 mt-1 -mb-0.5\"><strong>Eskaintzen dugu<\/strong><\/h2>\t\t\t\t\t\t\t\t<\/div>\n\t\t\t\t<\/div>\n\t\t\t\t<div class=\"elementor-element elementor-element-a1c686e elementor-icon-list--layout-traditional elementor-list-item-link-full_width elementor-widget elementor-widget-icon-list\" data-id=\"a1c686e\" data-element_type=\"widget\" data-e-type=\"widget\" data-widget_type=\"icon-list.default\">\n\t\t\t\t<div class=\"elementor-widget-container\">\n\t\t\t\t\t\t\t<ul class=\"elementor-icon-list-items\">\n\t\t\t\t\t\t\t<li class=\"elementor-icon-list-item\">\n\t\t\t\t\t\t\t\t\t\t\t<span class=\"elementor-icon-list-icon\">\n\t\t\t\t\t\t\t<svg aria-hidden=\"true\" class=\"e-font-icon-svg e-fas-book-open\" viewbox=\"0 0 576 512\" xmlns=\"http:\/\/www.w3.org\/2000\/svg\"><path d=\"M542.22 32.05c-54.8 3.11-163.72 14.43-230.96 55.59-4.64 2.84-7.27 7.89-7.27 13.17v363.87c0 11.55 12.63 18.85 23.28 13.49 69.18-34.82 169.23-44.32 218.7-46.92 16.89-.89 30.02-14.43 30.02-30.66V62.75c.01-17.71-15.35-31.74-33.77-30.7zM264.73 87.64C197.5 46.48 88.58 35.17 33.78 32.05 15.36 31.01 0 45.04 0 62.75V400.6c0 16.24 13.13 29.78 30.02 30.66 49.49 2.6 149.59 12.11 218.77 46.95 10.62 5.35 23.21-1.94 23.21-13.46V100.63c0-5.29-2.62-10.14-7.27-12.99z\"><\/path><\/svg>\t\t\t\t\t\t<\/span>\n\t\t\t\t\t\t\t\t\t\t<span class=\"elementor-icon-list-text\">Urteko ikastaroak - Eskola-laguntza eta progresioa maila akademikoen arabera<\/span>\n\t\t\t\t\t\t\t\t\t<\/li>\n\t\t\t\t\t\t\t\t<li class=\"elementor-icon-list-item\">\n\t\t\t\t\t\t\t\t\t\t\t<span class=\"elementor-icon-list-icon\">\n\t\t\t\t\t\t\t<svg aria-hidden=\"true\" class=\"e-font-icon-svg e-fas-book-open\" viewbox=\"0 0 576 512\" xmlns=\"http:\/\/www.w3.org\/2000\/svg\"><path d=\"M542.22 32.05c-54.8 3.11-163.72 14.43-230.96 55.59-4.64 2.84-7.27 7.89-7.27 13.17v363.87c0 11.55 12.63 18.85 23.28 13.49 69.18-34.82 169.23-44.32 218.7-46.92 16.89-.89 30.02-14.43 30.02-30.66V62.75c.01-17.71-15.35-31.74-33.77-30.7zM264.73 87.64C197.5 46.48 88.58 35.17 33.78 32.05 15.36 31.01 0 45.04 0 62.75V400.6c0 16.24 13.13 29.78 30.02 30.66 49.49 2.6 149.59 12.11 218.77 46.95 10.62 5.35 23.21-1.94 23.21-13.46V100.63c0-5.29-2.62-10.14-7.27-12.99z\"><\/path><\/svg>\t\t\t\t\t\t<\/span>\n\t\t\t\t\t\t\t\t\t\t<span class=\"elementor-icon-list-text\">Banakako eskolak - Arreta pertsonalizatua zure helburu espezifikoen arabera<\/span>\n\t\t\t\t\t\t\t\t\t<\/li>\n\t\t\t\t\t\t\t\t<li class=\"elementor-icon-list-item\">\n\t\t\t\t\t\t\t\t\t\t\t<span class=\"elementor-icon-list-icon\">\n\t\t\t\t\t\t\t<svg aria-hidden=\"true\" class=\"e-font-icon-svg e-fas-book-open\" viewbox=\"0 0 576 512\" xmlns=\"http:\/\/www.w3.org\/2000\/svg\"><path d=\"M542.22 32.05c-54.8 3.11-163.72 14.43-230.96 55.59-4.64 2.84-7.27 7.89-7.27 13.17v363.87c0 11.55 12.63 18.85 23.28 13.49 69.18-34.82 169.23-44.32 218.7-46.92 16.89-.89 30.02-14.43 30.02-30.66V62.75c.01-17.71-15.35-31.74-33.77-30.7zM264.73 87.64C197.5 46.48 88.58 35.17 33.78 32.05 15.36 31.01 0 45.04 0 62.75V400.6c0 16.24 13.13 29.78 30.02 30.66 49.49 2.6 149.59 12.11 218.77 46.95 10.62 5.35 23.21-1.94 23.21-13.46V100.63c0-5.29-2.62-10.14-7.27-12.99z\"><\/path><\/svg>\t\t\t\t\t\t<\/span>\n\t\t\t\t\t\t\t\t\t\t<span class=\"elementor-icon-list-text\">Ingeles profesionala - Prestakuntza espezializatua helduentzat eta enpresentzat<\/span>\n\t\t\t\t\t\t\t\t\t<\/li>\n\t\t\t\t\t\t<\/ul>\n\t\t\t\t\t\t<\/div>\n\t\t\t\t<\/div>\n\t\t\t\t<div class=\"elementor-element elementor-element-2b92922 elementor-widget elementor-widget-text-editor\" data-id=\"2b92922\" data-element_type=\"widget\" data-e-type=\"widget\" data-widget_type=\"text-editor.default\">\n\t\t\t\t<div class=\"elementor-widget-container\">\n\t\t\t\t\t\t\t\t\t<p>Ez du axola hasiberri absolutua zaren edo ziurtagiri espezifiko bat lortzeko zure trebetasunak hobetu nahi dituzun \u2013 ingelesa menderatzeko zure bidea hemen hasten da.<\/p><p><strong>Prest zaude gure laguntzarekin zure ikaskuntza esperientzia eraldatzeko?<\/strong><\/p>\t\t\t\t\t\t\t\t<\/div>\n\t\t\t\t<\/div>\n\t\t\t\t<\/div>\n\t\t\t\t\t<\/div>\n\t\t\t\t<\/div>\n\t\t\t\t<\/div>","protected":false},"excerpt":{"rendered":"<p>Sobre nosotros Academia Now &amp; Orain: Tu camino hacia el dominio del ingl\u00e9s Donde el aprendizaje se adapta a ti, no t\u00fa al aprendizaje. En un mundo en constante evoluci\u00f3n, el ingl\u00e9s se ha convertido en la llave que abre puertas hacia nuevas oportunidades. En Now &amp; Orain Akademia entendemos que cada persona tiene un [&hellip;]<\/p>\n","protected":false},"author":1,"featured_media":0,"parent":0,"menu_order":0,"comment_status":"closed","ping_status":"closed","template":"elementor_canvas","meta":{"footnotes":""},"class_list":["post-14","page","type-page","status-publish","hentry"],"yoast_head":"<!-- This site is optimized with the Yoast SEO plugin v27.5 - https:\/\/yoast.com\/product\/yoast-seo-wordpress\/ -->\n<title>Inicio - Now &amp; Orain Akademia<\/title>\n<meta name=\"robots\" content=\"index, follow, max-snippet:-1, max-image-preview:large, max-video-preview:-1\" \/>\n<link rel=\"canonical\" href=\"https:\/\/nowandorain.com\/eu\/\" \/>\n<meta property=\"og:locale\" content=\"en_US\" \/>\n<meta property=\"og:type\" content=\"article\" \/>\n<meta property=\"og:title\" content=\"Inicio - Now &amp; Orain Akademia\" \/>\n<meta property=\"og:description\" content=\"Sobre nosotros Academia Now &amp; Orain: Tu camino hacia el dominio del ingl\u00e9s Donde el aprendizaje se adapta a ti, no t\u00fa al aprendizaje. En un mundo en constante evoluci\u00f3n, el ingl\u00e9s se ha convertido en la llave que abre puertas hacia nuevas oportunidades. En Now &amp; Orain Akademia entendemos que cada persona tiene un [&hellip;]\" \/>\n<meta property=\"og:url\" content=\"https:\/\/nowandorain.com\/eu\/\" \/>\n<meta property=\"og:site_name\" content=\"Now &amp; Orain Akademia\" \/>\n<meta property=\"article:modified_time\" content=\"2025-03-18T16:43:41+00:00\" \/>\n<meta name=\"twitter:card\" content=\"summary_large_image\" \/>\n<meta name=\"twitter:label1\" content=\"Est. reading time\" \/>\n\t<meta name=\"twitter:data1\" content=\"1 minutua\" \/>\n<script type=\"application\/ld+json\" class=\"yoast-schema-graph\">{\"@context\":\"https:\\\/\\\/schema.org\",\"@graph\":[{\"@type\":\"WebPage\",\"@id\":\"https:\\\/\\\/nowandorain.com\\\/\",\"url\":\"https:\\\/\\\/nowandorain.com\\\/\",\"name\":\"Inicio - Now &amp; Orain Akademia\",\"isPartOf\":{\"@id\":\"https:\\\/\\\/nowandorain.com\\\/#website\"},\"datePublished\":\"2025-03-11T12:22:45+00:00\",\"dateModified\":\"2025-03-18T16:43:41+00:00\",\"breadcrumb\":{\"@id\":\"https:\\\/\\\/nowandorain.com\\\/#breadcrumb\"},\"inLanguage\":\"eu\",\"potentialAction\":[{\"@type\":\"ReadAction\",\"target\":[\"https:\\\/\\\/nowandorain.com\\\/\"]}]},{\"@type\":\"BreadcrumbList\",\"@id\":\"https:\\\/\\\/nowandorain.com\\\/#breadcrumb\",\"itemListElement\":[{\"@type\":\"ListItem\",\"position\":1,\"name\":\"Portada\",\"item\":\"https:\\\/\\\/nowandorain.com\\\/\"},{\"@type\":\"ListItem\",\"position\":2,\"name\":\"Inicio\"}]},{\"@type\":\"WebSite\",\"@id\":\"https:\\\/\\\/nowandorain.com\\\/#website\",\"url\":\"https:\\\/\\\/nowandorain.com\\\/\",\"name\":\"Now &amp; Orain Akademia\",\"description\":\"Ongi Etorri Now &amp; Orain Akademiara\",\"publisher\":{\"@id\":\"https:\\\/\\\/nowandorain.com\\\/#organization\"},\"potentialAction\":[{\"@type\":\"SearchAction\",\"target\":{\"@type\":\"EntryPoint\",\"urlTemplate\":\"https:\\\/\\\/nowandorain.com\\\/?s={search_term_string}\"},\"query-input\":{\"@type\":\"PropertyValueSpecification\",\"valueRequired\":true,\"valueName\":\"search_term_string\"}}],\"inLanguage\":\"eu\"},{\"@type\":\"Organization\",\"@id\":\"https:\\\/\\\/nowandorain.com\\\/#organization\",\"name\":\"Now &amp; Orain Akademia\",\"url\":\"https:\\\/\\\/nowandorain.com\\\/\",\"logo\":{\"@type\":\"ImageObject\",\"inLanguage\":\"eu\",\"@id\":\"https:\\\/\\\/nowandorain.com\\\/#\\\/schema\\\/logo\\\/image\\\/\",\"url\":\"https:\\\/\\\/nowandorain.com\\\/wp-content\\\/uploads\\\/2025\\\/03\\\/cropped-LogoNowAndOrain.png\",\"contentUrl\":\"https:\\\/\\\/nowandorain.com\\\/wp-content\\\/uploads\\\/2025\\\/03\\\/cropped-LogoNowAndOrain.png\",\"width\":112,\"height\":114,\"caption\":\"Now &amp; Orain Akademia\"},\"image\":{\"@id\":\"https:\\\/\\\/nowandorain.com\\\/#\\\/schema\\\/logo\\\/image\\\/\"}}]}<\/script>\n<!-- \/ Yoast SEO plugin. -->","yoast_head_json":{"title":"Inicio - Now &amp; Orain Akademia","robots":{"index":"index","follow":"follow","max-snippet":"max-snippet:-1","max-image-preview":"max-image-preview:large","max-video-preview":"max-video-preview:-1"},"canonical":"https:\/\/nowandorain.com\/eu\/","og_locale":"en_US","og_type":"article","og_title":"Inicio - Now &amp; Orain Akademia","og_description":"Sobre nosotros Academia Now &amp; Orain: Tu camino hacia el dominio del ingl\u00e9s Donde el aprendizaje se adapta a ti, no t\u00fa al aprendizaje. En un mundo en constante evoluci\u00f3n, el ingl\u00e9s se ha convertido en la llave que abre puertas hacia nuevas oportunidades. En Now &amp; Orain Akademia entendemos que cada persona tiene un [&hellip;]","og_url":"https:\/\/nowandorain.com\/eu\/","og_site_name":"Now &amp; Orain Akademia","article_modified_time":"2025-03-18T16:43:41+00:00","twitter_card":"summary_large_image","twitter_misc":{"Est. reading time":"1 minutua"},"schema":{"@context":"https:\/\/schema.org","@graph":[{"@type":"WebPage","@id":"https:\/\/nowandorain.com\/","url":"https:\/\/nowandorain.com\/","name":"Inicio - Now &amp; Orain Akademia","isPartOf":{"@id":"https:\/\/nowandorain.com\/#website"},"datePublished":"2025-03-11T12:22:45+00:00","dateModified":"2025-03-18T16:43:41+00:00","breadcrumb":{"@id":"https:\/\/nowandorain.com\/#breadcrumb"},"inLanguage":"eu","potentialAction":[{"@type":"ReadAction","target":["https:\/\/nowandorain.com\/"]}]},{"@type":"BreadcrumbList","@id":"https:\/\/nowandorain.com\/#breadcrumb","itemListElement":[{"@type":"ListItem","position":1,"name":"Portada","item":"https:\/\/nowandorain.com\/"},{"@type":"ListItem","position":2,"name":"Inicio"}]},{"@type":"WebSite","@id":"https:\/\/nowandorain.com\/#website","url":"https:\/\/nowandorain.com\/","name":"Now &amp; Orain Akademia","description":"Ongi Etorri Now &amp; Orain Akademiara","publisher":{"@id":"https:\/\/nowandorain.com\/#organization"},"potentialAction":[{"@type":"SearchAction","target":{"@type":"EntryPoint","urlTemplate":"https:\/\/nowandorain.com\/?s={search_term_string}"},"query-input":{"@type":"PropertyValueSpecification","valueRequired":true,"valueName":"search_term_string"}}],"inLanguage":"eu"},{"@type":"Organization","@id":"https:\/\/nowandorain.com\/#organization","name":"Now &amp; Orain Akademia","url":"https:\/\/nowandorain.com\/","logo":{"@type":"ImageObject","inLanguage":"eu","@id":"https:\/\/nowandorain.com\/#\/schema\/logo\/image\/","url":"https:\/\/nowandorain.com\/wp-content\/uploads\/2025\/03\/cropped-LogoNowAndOrain.png","contentUrl":"https:\/\/nowandorain.com\/wp-content\/uploads\/2025\/03\/cropped-LogoNowAndOrain.png","width":112,"height":114,"caption":"Now &amp; Orain Akademia"},"image":{"@id":"https:\/\/nowandorain.com\/#\/schema\/logo\/image\/"}}]}},"_links":{"self":[{"href":"https:\/\/nowandorain.com\/eu\/wp-json\/wp\/v2\/pages\/14","targetHints":{"allow":["GET"]}}],"collection":[{"href":"https:\/\/nowandorain.com\/eu\/wp-json\/wp\/v2\/pages"}],"about":[{"href":"https:\/\/nowandorain.com\/eu\/wp-json\/wp\/v2\/types\/page"}],"author":[{"embeddable":true,"href":"https:\/\/nowandorain.com\/eu\/wp-json\/wp\/v2\/users\/1"}],"replies":[{"embeddable":true,"href":"https:\/\/nowandorain.com\/eu\/wp-json\/wp\/v2\/comments?post=14"}],"version-history":[{"count":101,"href":"https:\/\/nowandorain.com\/eu\/wp-json\/wp\/v2\/pages\/14\/revisions"}],"predecessor-version":[{"id":440,"href":"https:\/\/nowandorain.com\/eu\/wp-json\/wp\/v2\/pages\/14\/revisions\/440"}],"wp:attachment":[{"href":"https:\/\/nowandorain.com\/eu\/wp-json\/wp\/v2\/media?parent=14"}],"curies":[{"name":"wp","href":"https:\/\/api.w.org\/{rel}","templated":true}]}}